{"id":87,"date":"2017-05-02T16:39:15","date_gmt":"2017-05-02T16:39:15","guid":{"rendered":"https:\/\/www.valerie-kiock.com\/?page_id=87"},"modified":"2023-06-14T11:40:47","modified_gmt":"2023-06-14T11:40:47","slug":"clients","status":"publish","type":"page","link":"https:\/\/www.valerie-kiock.com\/en\/clients\/","title":{"rendered":"Clients"},"content":{"rendered":"<p>4architekten<br \/>\nAgence Ter<br \/>\nAnna Partenheimer<br \/>\nAuer + Weber + Assoziierte<br \/>\nbienenbeuten.ch<br \/>\nBill-Verlag<br \/>\nChristian Bluemelhuber<br \/>\nCamattibar<br \/>\nDeutscher Kunstverlag<br \/>\nD-i Services<br \/>\nDominikus Stark Architekten<br \/>\nFNAC Paris<br \/>\nFritz Winter Stiftung<br \/>\nKatharina Gaenssler<br \/>\nGoldengap<br \/>\nKonstantin Grcic<br \/>\nChristian Hacker<br \/>\nHatje Cantz<br \/>\nH\u00e4usler Contemporary M\u00fcnchen | Z\u00fcrich<br \/>\nDr. Maria Holzer<br \/>\nFlorian Holzherr<br \/>\nIdeenparc<br \/>\nIlgsanter architekten<br \/>\nKHP Kiock Hampf &amp; Partners<br \/>\nKSP J\u00fcrgen Engel Architekten<br \/>\nKunotechnik<br \/>\nStephanie Kurz<br \/>\nLehrstuhl f\u00fcr Entwurfsmethodik TUM<br \/>\nLehrstuhl f\u00fcr Raumentwicklung TUM<br \/>\nMuseum Brandhorst<br \/>\nMuseum Fort Lauderdale<br \/>\nnaloo . nadia loosli<br \/>\nNeue Pinakothek<br \/>\nGasthof Neuwirt<br \/>\nNils Holger Moormann<br \/>\nOroom Gallery Seoul<br \/>\nPinakothek der Moderne<br \/>\nMarcello Pirrone<br \/>\nGeorg Soanca-Pollak<br \/>\nPorzellan-Manufaktur Nymphenburg<br \/>\nMarkus Pritzi<br \/>\nschlegelschmuck<br \/>\nMatthew Schreiber<br \/>\nSigillum GmbH<br \/>\nSKF\/Christine Rath<br \/>\nVersicherungskammer Bayern<br \/>\nwalter storms galerie<br \/>\nRobert Widmann GmbH<br \/>\nFlorian Unterberger<br \/>\nZentrum f\u00fcr Lichtkunst Unna<\/p>\n","protected":false},"excerpt":{"rendered":"<p>4architekten Agence Ter Anna Partenheimer Auer + Weber + Assoziierte bienenbeuten.ch Bill-Verlag Christian Bluemelhuber Camattibar Deutscher Kunstverlag D-i Services Dominikus Stark Architekten FNAC Paris Fritz Winter Stiftung Katharina Gaenssler Goldengap Konstantin Grcic Christian Hacker Hatje Cantz H\u00e4usler Contemporary M\u00fcnchen | Z\u00fcrich Dr. Maria Holzer Florian Holzherr Ideenparc Ilgsanter architekten KHP Kiock Hampf &amp; Partners KSP [&hellip;]<\/p>\n","protected":false},"author":1,"featured_media":0,"parent":0,"menu_order":30,"comment_status":"closed","ping_status":"closed","template":"","meta":{"_acf_changed":false,"footnotes":""},"class_list":["post-87","page","type-page","status-publish","hentry"],"acf":[],"yoast_head":"<!-- This site is optimized with the Yoast SEO plugin v27.2 - https:\/\/yoast.com\/product\/yoast-seo-wordpress\/ -->\n<title>Clients - Valerie Kiock graphic design<\/title>\n<meta name=\"robots\" content=\"index, follow, max-snippet:-1, max-image-preview:large, max-video-preview:-1\" \/>\n<link rel=\"canonical\" href=\"https:\/\/www.valerie-kiock.com\/en\/clients\/\" \/>\n<meta property=\"og:locale\" content=\"en_US\" \/>\n<meta property=\"og:type\" content=\"article\" \/>\n<meta property=\"og:title\" content=\"Clients - Valerie Kiock graphic design\" \/>\n<meta property=\"og:description\" content=\"4architekten Agence Ter Anna Partenheimer Auer + Weber + Assoziierte bienenbeuten.ch Bill-Verlag Christian Bluemelhuber Camattibar Deutscher Kunstverlag D-i Services Dominikus Stark Architekten FNAC Paris Fritz Winter Stiftung Katharina Gaenssler Goldengap Konstantin Grcic Christian Hacker Hatje Cantz H\u00e4usler Contemporary M\u00fcnchen | Z\u00fcrich Dr. Maria Holzer Florian Holzherr Ideenparc Ilgsanter architekten KHP Kiock Hampf &amp; Partners KSP [&hellip;]\" \/>\n<meta property=\"og:url\" content=\"https:\/\/www.valerie-kiock.com\/en\/clients\/\" \/>\n<meta property=\"og:site_name\" content=\"Valerie Kiock graphic design\" \/>\n<meta property=\"article:modified_time\" content=\"2023-06-14T11:40:47+00:00\" \/>\n<meta name=\"twitter:card\" content=\"summary_large_image\" \/>\n<meta name=\"twitter:label1\" content=\"Est. reading time\" \/>\n\t<meta name=\"twitter:data1\" content=\"1 minute\" \/>\n<script type=\"application\/ld+json\" class=\"yoast-schema-graph\">{\"@context\":\"https:\/\/schema.org\",\"@graph\":[{\"@type\":\"WebPage\",\"@id\":\"https:\/\/www.valerie-kiock.com\/en\/clients\/\",\"url\":\"https:\/\/www.valerie-kiock.com\/en\/clients\/\",\"name\":\"Clients - Valerie Kiock graphic design\",\"isPartOf\":{\"@id\":\"https:\/\/www.valerie-kiock.com\/#website\"},\"datePublished\":\"2017-05-02T16:39:15+00:00\",\"dateModified\":\"2023-06-14T11:40:47+00:00\",\"breadcrumb\":{\"@id\":\"https:\/\/www.valerie-kiock.com\/en\/clients\/#breadcrumb\"},\"inLanguage\":\"en-US\",\"potentialAction\":[{\"@type\":\"ReadAction\",\"target\":[\"https:\/\/www.valerie-kiock.com\/en\/clients\/\"]}]},{\"@type\":\"BreadcrumbList\",\"@id\":\"https:\/\/www.valerie-kiock.com\/en\/clients\/#breadcrumb\",\"itemListElement\":[{\"@type\":\"ListItem\",\"position\":1,\"name\":\"Startseite\",\"item\":\"https:\/\/www.valerie-kiock.com\/en\/\"},{\"@type\":\"ListItem\",\"position\":2,\"name\":\"Clients\"}]},{\"@type\":\"WebSite\",\"@id\":\"https:\/\/www.valerie-kiock.com\/#website\",\"url\":\"https:\/\/www.valerie-kiock.com\/\",\"name\":\"Valerie Kiock graphic design\",\"description\":\"\",\"potentialAction\":[{\"@type\":\"SearchAction\",\"target\":{\"@type\":\"EntryPoint\",\"urlTemplate\":\"https:\/\/www.valerie-kiock.com\/?s={search_term_string}\"},\"query-input\":{\"@type\":\"PropertyValueSpecification\",\"valueRequired\":true,\"valueName\":\"search_term_string\"}}],\"inLanguage\":\"en-US\"}]}<\/script>\n<!-- \/ Yoast SEO plugin. -->","yoast_head_json":{"title":"Clients - Valerie Kiock graphic design","robots":{"index":"index","follow":"follow","max-snippet":"max-snippet:-1","max-image-preview":"max-image-preview:large","max-video-preview":"max-video-preview:-1"},"canonical":"https:\/\/www.valerie-kiock.com\/en\/clients\/","og_locale":"en_US","og_type":"article","og_title":"Clients - Valerie Kiock graphic design","og_description":"4architekten Agence Ter Anna Partenheimer Auer + Weber + Assoziierte bienenbeuten.ch Bill-Verlag Christian Bluemelhuber Camattibar Deutscher Kunstverlag D-i Services Dominikus Stark Architekten FNAC Paris Fritz Winter Stiftung Katharina Gaenssler Goldengap Konstantin Grcic Christian Hacker Hatje Cantz H\u00e4usler Contemporary M\u00fcnchen | Z\u00fcrich Dr. Maria Holzer Florian Holzherr Ideenparc Ilgsanter architekten KHP Kiock Hampf &amp; Partners KSP [&hellip;]","og_url":"https:\/\/www.valerie-kiock.com\/en\/clients\/","og_site_name":"Valerie Kiock graphic design","article_modified_time":"2023-06-14T11:40:47+00:00","twitter_card":"summary_large_image","twitter_misc":{"Est. reading time":"1 minute"},"schema":{"@context":"https:\/\/schema.org","@graph":[{"@type":"WebPage","@id":"https:\/\/www.valerie-kiock.com\/en\/clients\/","url":"https:\/\/www.valerie-kiock.com\/en\/clients\/","name":"Clients - Valerie Kiock graphic design","isPartOf":{"@id":"https:\/\/www.valerie-kiock.com\/#website"},"datePublished":"2017-05-02T16:39:15+00:00","dateModified":"2023-06-14T11:40:47+00:00","breadcrumb":{"@id":"https:\/\/www.valerie-kiock.com\/en\/clients\/#breadcrumb"},"inLanguage":"en-US","potentialAction":[{"@type":"ReadAction","target":["https:\/\/www.valerie-kiock.com\/en\/clients\/"]}]},{"@type":"BreadcrumbList","@id":"https:\/\/www.valerie-kiock.com\/en\/clients\/#breadcrumb","itemListElement":[{"@type":"ListItem","position":1,"name":"Startseite","item":"https:\/\/www.valerie-kiock.com\/en\/"},{"@type":"ListItem","position":2,"name":"Clients"}]},{"@type":"WebSite","@id":"https:\/\/www.valerie-kiock.com\/#website","url":"https:\/\/www.valerie-kiock.com\/","name":"Valerie Kiock graphic design","description":"","potentialAction":[{"@type":"SearchAction","target":{"@type":"EntryPoint","urlTemplate":"https:\/\/www.valerie-kiock.com\/?s={search_term_string}"},"query-input":{"@type":"PropertyValueSpecification","valueRequired":true,"valueName":"search_term_string"}}],"inLanguage":"en-US"}]}},"_links":{"self":[{"href":"https:\/\/www.valerie-kiock.com\/en\/wp-json\/wp\/v2\/pages\/87","targetHints":{"allow":["GET"]}}],"collection":[{"href":"https:\/\/www.valerie-kiock.com\/en\/wp-json\/wp\/v2\/pages"}],"about":[{"href":"https:\/\/www.valerie-kiock.com\/en\/wp-json\/wp\/v2\/types\/page"}],"author":[{"embeddable":true,"href":"https:\/\/www.valerie-kiock.com\/en\/wp-json\/wp\/v2\/users\/1"}],"replies":[{"embeddable":true,"href":"https:\/\/www.valerie-kiock.com\/en\/wp-json\/wp\/v2\/comments?post=87"}],"version-history":[{"count":1,"href":"https:\/\/www.valerie-kiock.com\/en\/wp-json\/wp\/v2\/pages\/87\/revisions"}],"predecessor-version":[{"id":88,"href":"https:\/\/www.valerie-kiock.com\/en\/wp-json\/wp\/v2\/pages\/87\/revisions\/88"}],"wp:attachment":[{"href":"https:\/\/www.valerie-kiock.com\/en\/wp-json\/wp\/v2\/media?parent=87"}],"curies":[{"name":"wp","href":"https:\/\/api.w.org\/{rel}","templated":true}]}}